{"id":1411,"date":"2026-05-04T15:30:52","date_gmt":"2026-05-04T15:30:52","guid":{"rendered":"https:\/\/waves-openair.de\/waves\/code-of-conduct-copy\/"},"modified":"2026-05-04T20:51:49","modified_gmt":"2026-05-04T20:51:49","slug":"code-of-conduct-de","status":"publish","type":"page","link":"https:\/\/waves-openair.de\/waves\/code-of-conduct-de\/","title":{"rendered":"CODE OF CONDUCT (Deutsch)"},"content":{"rendered":"","protected":false},"excerpt":{"rendered":"","protected":false},"author":5,"featured_media":0,"parent":0,"menu_order":23,"comment_status":"closed","ping_status":"closed","template":"","meta":[],"class_list":["post-1411","page","type-page","status-publish","hentry"],"yoast_head":"<!-- This site is optimized with the Yoast SEO plugin v23.5 - https:\/\/yoast.com\/wordpress\/plugins\/seo\/ -->\n<title>CODE OF CONDUCT (Deutsch) &#8212; Waves Open Air Festival 2026<\/title>\n<meta name=\"robots\" content=\"index, follow, max-snippet:-1, max-image-preview:large, max-video-preview:-1\" \/>\n<link rel=\"canonical\" href=\"https:\/\/waves-openair.de\/waves\/code-of-conduct-de\/\" \/>\n<meta property=\"og:locale\" content=\"en_US\" \/>\n<meta property=\"og:type\" content=\"article\" \/>\n<meta property=\"og:title\" content=\"CODE OF CONDUCT (Deutsch) &#8212; Waves Open Air Festival 2026\" \/>\n<meta property=\"og:url\" content=\"https:\/\/waves-openair.de\/waves\/code-of-conduct-de\/\" \/>\n<meta property=\"og:site_name\" content=\"Waves Open Air Festival 2026\" \/>\n<meta property=\"article:publisher\" content=\"https:\/\/www.facebook.com\/wavesopenair\/\" \/>\n<meta property=\"article:modified_time\" content=\"2026-05-04T20:51:49+00:00\" \/>\n<meta name=\"twitter:card\" content=\"summary_large_image\" \/>\n<meta name=\"twitter:label1\" content=\"Est. reading time\" \/>\n\t<meta name=\"twitter:data1\" content=\"2 minutes\" \/>\n<script type=\"application\/ld+json\" class=\"yoast-schema-graph\">{\"@context\":\"https:\/\/schema.org\",\"@graph\":[{\"@type\":\"WebPage\",\"@id\":\"https:\/\/waves-openair.de\/waves\/code-of-conduct-de\/\",\"url\":\"https:\/\/waves-openair.de\/waves\/code-of-conduct-de\/\",\"name\":\"CODE OF CONDUCT (Deutsch) &#8212; Waves Open Air Festival 2026\",\"isPartOf\":{\"@id\":\"https:\/\/waves-openair.de\/waves\/#website\"},\"datePublished\":\"2026-05-04T15:30:52+00:00\",\"dateModified\":\"2026-05-04T20:51:49+00:00\",\"breadcrumb\":{\"@id\":\"https:\/\/waves-openair.de\/waves\/code-of-conduct-de\/#breadcrumb\"},\"inLanguage\":\"en-US\",\"potentialAction\":[{\"@type\":\"ReadAction\",\"target\":[\"https:\/\/waves-openair.de\/waves\/code-of-conduct-de\/\"]}]},{\"@type\":\"BreadcrumbList\",\"@id\":\"https:\/\/waves-openair.de\/waves\/code-of-conduct-de\/#breadcrumb\",\"itemListElement\":[{\"@type\":\"ListItem\",\"position\":1,\"name\":\"Startseite\",\"item\":\"https:\/\/waves-openair.de\/waves\/\"},{\"@type\":\"ListItem\",\"position\":2,\"name\":\"CODE OF CONDUCT (Deutsch)\"}]},{\"@type\":\"WebSite\",\"@id\":\"https:\/\/waves-openair.de\/waves\/#website\",\"url\":\"https:\/\/waves-openair.de\/waves\/\",\"name\":\"Waves Open Air Festival 2024\",\"description\":\"Drift off into the waves\",\"publisher\":{\"@id\":\"https:\/\/waves-openair.de\/waves\/#organization\"},\"potentialAction\":[{\"@type\":\"SearchAction\",\"target\":{\"@type\":\"EntryPoint\",\"urlTemplate\":\"https:\/\/waves-openair.de\/waves\/?s={search_term_string}\"},\"query-input\":{\"@type\":\"PropertyValueSpecification\",\"valueRequired\":true,\"valueName\":\"search_term_string\"}}],\"inLanguage\":\"en-US\"},{\"@type\":\"Organization\",\"@id\":\"https:\/\/waves-openair.de\/waves\/#organization\",\"name\":\"Waves Open Air Festival 2024\",\"url\":\"https:\/\/waves-openair.de\/waves\/\",\"logo\":{\"@type\":\"ImageObject\",\"inLanguage\":\"en-US\",\"@id\":\"https:\/\/waves-openair.de\/waves\/#\/schema\/logo\/image\/\",\"url\":\"https:\/\/waves-openair.de\/wp-content\/uploads\/2023\/12\/Element-1.svg\",\"contentUrl\":\"https:\/\/waves-openair.de\/wp-content\/uploads\/2023\/12\/Element-1.svg\",\"width\":418.49,\"height\":139.4,\"caption\":\"Waves Open Air Festival 2024\"},\"image\":{\"@id\":\"https:\/\/waves-openair.de\/waves\/#\/schema\/logo\/image\/\"},\"sameAs\":[\"https:\/\/www.facebook.com\/wavesopenair\/\",\"https:\/\/www.instagram.com\/wavesopenair\/\"]}]}<\/script>\n<!-- \/ Yoast SEO plugin. -->","yoast_head_json":{"title":"CODE OF CONDUCT (Deutsch) &#8212; Waves Open Air Festival 2026","robots":{"index":"index","follow":"follow","max-snippet":"max-snippet:-1","max-image-preview":"max-image-preview:large","max-video-preview":"max-video-preview:-1"},"canonical":"https:\/\/waves-openair.de\/waves\/code-of-conduct-de\/","og_locale":"en_US","og_type":"article","og_title":"CODE OF CONDUCT (Deutsch) &#8212; Waves Open Air Festival 2026","og_url":"https:\/\/waves-openair.de\/waves\/code-of-conduct-de\/","og_site_name":"Waves Open Air Festival 2026","article_publisher":"https:\/\/www.facebook.com\/wavesopenair\/","article_modified_time":"2026-05-04T20:51:49+00:00","twitter_card":"summary_large_image","twitter_misc":{"Est. reading time":"2 minutes"},"schema":{"@context":"https:\/\/schema.org","@graph":[{"@type":"WebPage","@id":"https:\/\/waves-openair.de\/waves\/code-of-conduct-de\/","url":"https:\/\/waves-openair.de\/waves\/code-of-conduct-de\/","name":"CODE OF CONDUCT (Deutsch) &#8212; Waves Open Air Festival 2026","isPartOf":{"@id":"https:\/\/waves-openair.de\/waves\/#website"},"datePublished":"2026-05-04T15:30:52+00:00","dateModified":"2026-05-04T20:51:49+00:00","breadcrumb":{"@id":"https:\/\/waves-openair.de\/waves\/code-of-conduct-de\/#breadcrumb"},"inLanguage":"en-US","potentialAction":[{"@type":"ReadAction","target":["https:\/\/waves-openair.de\/waves\/code-of-conduct-de\/"]}]},{"@type":"BreadcrumbList","@id":"https:\/\/waves-openair.de\/waves\/code-of-conduct-de\/#breadcrumb","itemListElement":[{"@type":"ListItem","position":1,"name":"Startseite","item":"https:\/\/waves-openair.de\/waves\/"},{"@type":"ListItem","position":2,"name":"CODE OF CONDUCT (Deutsch)"}]},{"@type":"WebSite","@id":"https:\/\/waves-openair.de\/waves\/#website","url":"https:\/\/waves-openair.de\/waves\/","name":"Waves Open Air Festival 2024","description":"Drift off into the waves","publisher":{"@id":"https:\/\/waves-openair.de\/waves\/#organization"},"potentialAction":[{"@type":"SearchAction","target":{"@type":"EntryPoint","urlTemplate":"https:\/\/waves-openair.de\/waves\/?s={search_term_string}"},"query-input":{"@type":"PropertyValueSpecification","valueRequired":true,"valueName":"search_term_string"}}],"inLanguage":"en-US"},{"@type":"Organization","@id":"https:\/\/waves-openair.de\/waves\/#organization","name":"Waves Open Air Festival 2024","url":"https:\/\/waves-openair.de\/waves\/","logo":{"@type":"ImageObject","inLanguage":"en-US","@id":"https:\/\/waves-openair.de\/waves\/#\/schema\/logo\/image\/","url":"https:\/\/waves-openair.de\/wp-content\/uploads\/2023\/12\/Element-1.svg","contentUrl":"https:\/\/waves-openair.de\/wp-content\/uploads\/2023\/12\/Element-1.svg","width":418.49,"height":139.4,"caption":"Waves Open Air Festival 2024"},"image":{"@id":"https:\/\/waves-openair.de\/waves\/#\/schema\/logo\/image\/"},"sameAs":["https:\/\/www.facebook.com\/wavesopenair\/","https:\/\/www.instagram.com\/wavesopenair\/"]}]}},"grid":"{\r\n  \"colCount\": 12,\r\n  \"colGutter\": 1,\r\n  \"rowGutters\": [\r\n    1\r\n  ],\r\n  \"frameMargin\": 5,\r\n  \"leftFrameMargin\": 2,\r\n  \"rightFrameMargin\": 2,\r\n  \"topFrameMargin\": 0,\r\n  \"horizontalGrid\": {\r\n    \"show\": false,\r\n    \"space\": 1,\r\n    \"mu\": \"%\"\r\n  },\r\n  \"mus\": {\r\n    \"colGutterMu\": \"%\",\r\n    \"rowGutterMu\": \"%\",\r\n    \"topFrameMu\": \"px\",\r\n    \"bottomFrameMu\": \"%\",\r\n    \"frameMu\": \"%\"\r\n  },\r\n  \"bottomFrameMargin\": 2,\r\n  \"rowAttrs\": [\r\n    {\r\n      \"relid\": 6\r\n    },\r\n    {\r\n      \"collapse\": false,\r\n      \"relid\": 14\r\n    }\r\n  ],\r\n  \"bgColor\": \"#efefef\",\r\n  \"bgImage\": null,\r\n  \"cont\": [\r\n    {\r\n      \"type\": \"text\",\r\n      \"cont\": \"<h1><strong><span style=\\\"font-size: 50px; font-family: PPNeueMontreal-Bold;\\\">CODE OF CONDUCT<\/span><\/strong><\/h1>\",\r\n      \"align\": \"top\",\r\n      \"row\": 0,\r\n      \"col\": 4,\r\n      \"colspan\": 4,\r\n      \"offsetx\": 0,\r\n      \"offsety\": 0,\r\n      \"spaceabove\": 4,\r\n      \"spacebelow\": 0,\r\n      \"yvel\": 1,\r\n      \"push\": 4,\r\n      \"relid\": 7,\r\n      \"absolute_position\": false,\r\n      \"html_id\": \"fixfaq\"\r\n    },\r\n    {\r\n      \"type\": \"text\",\r\n      \"cont\": \"<p><span style=\\\"font-size: 18px;\\\"><strong>Herzlich willkommen beim Waves Open Air Festival! <\/strong><\/span><\/p><p><span style=\\\"font-size: 18px;\\\"><span style=\\\"font-weight: 400;\\\"><br \/><\/span><span style=\\\"font-weight: 400;\\\">Unser Ziel ist es, einen sicheren, inklusiven und respektvollen Raum f\u00fcr alle zu schaffen. Gemeinsam k\u00f6nnen wir eine unvergessliche und positive Veranstaltung erleben.<\/span><\/span><\/p><h1><span style=\\\"font-size: 18px;\\\"><b>1. Keine Diskriminierung &amp; Gewalt<\/b><\/span><\/h1><p style=\\\"padding-left: 40px;\\\"><span style=\\\"font-size: 18px;\\\"><span style=\\\"font-weight: 400;\\\">Rassismus, Sexismus, LGBTQIA\u207a-Feindlichkeit, sexualisierte Gewalt sowie jede andere Form von Diskriminierung und Gewalt sind nicht toleriert.<\/span><span style=\\\"font-weight: 400;\\\"><br \/><br \/><\/span><\/span><\/p><h1><span style=\\\"font-size: 18px;\\\"><b>2. Achtsamkeit &amp; Verantwortung<\/b><\/span><\/h1><p style=\\\"padding-left: 40px;\\\"><span style=\\\"font-size: 18px;\\\"><span style=\\\"font-weight: 400;\\\">Achtet auf eure eigenen Getr\u00e4nke und eure Mitmenschen.<\/span><span style=\\\"font-weight: 400;\\\"><br \/><\/span><span style=\\\"font-weight: 400;\\\">Respektiert pers\u00f6nliche Grenzen - Nein hei\u00dft Nein. Ja hei\u00dft nur Ja, wenn es klar ge\u00e4u\u00dfert wird. Jeder Mensch bestimmt selbst, was \u00fcbergriffig ist - diese Wahrnehmung ist nicht anzuzweifeln.<\/span><span style=\\\"font-weight: 400;\\\"><br \/><br \/><\/span><\/span><\/p><h1><span style=\\\"font-size: 18px;\\\"><b>3. Sicherer Raum f\u00fcr alle<\/b><\/span><\/h1><p style=\\\"padding-left: 40px;\\\"><span style=\\\"font-size: 18px;\\\"><span style=\\\"font-weight: 400;\\\">Wir schaffen gemeinsam einen Raum, in dem sich jede*r sicher und respektiert f\u00fchlt. Achtet aufeinander und greift ein, wenn ihr diskriminierendes Verhalten beobachtet.<\/span><span style=\\\"font-weight: 400;\\\"><br \/><br \/><\/span><\/span><\/p><h1><span style=\\\"font-size: 18px;\\\"><b>4. Respektvolle Fotografie und Privatsph\u00e4re<\/b><\/span><\/h1><p style=\\\"padding-left: 40px;\\\"><span style=\\\"font-size: 18px;\\\"><b><\/b><span style=\\\"font-weight: 400;\\\">Die Tanzfl\u00e4che soll ein Ort der Freiheit sein - bitte respektiert die Privatsph\u00e4re und lasst dort keine Fotos oder Videos entstehen. Au\u00dferhalb der Tanzfl\u00e4che bitte nur mit Zustimmung der abgebildeten Personen fotografieren oder filmen.<\/span><span style=\\\"font-weight: 400;\\\"><br \/><br \/><\/span><\/span><\/p><h1><span style=\\\"font-size: 18px;\\\"><b>5. Kein offener Drogenkonsum<\/b><\/span><\/h1><p style=\\\"padding-left: 40px;\\\"><span style=\\\"font-size: 18px;\\\"><span style=\\\"font-weight: 400;\\\">Der offene Konsum illegaler Substanzen ist auf dem gesamten Festivalgel\u00e4nde strengstens untersagt.<\/span><span style=\\\"font-weight: 400;\\\"><br \/><br \/><\/span><\/span><\/p><h1><span style=\\\"font-size: 18px;\\\"><b>6. Zutritt und Verhalten im Wohngebiet<\/b><\/span><\/h1><p style=\\\"padding-left: 40px;\\\"><span style=\\\"font-size: 18px;\\\"><span style=\\\"font-weight: 400;\\\">Unsere Veranstaltungen sind ausschlie\u00dflich f\u00fcr Personen ab 18 Jahren. Bitte bringt einen g\u00fcltigen Ausweis mit. Bitte hinterlasst im umliegenden Wohngebiet keinen M\u00fcll.<\/span><span style=\\\"font-weight: 400;\\\"><br \/><br \/><\/span><\/span><\/p><h1><span style=\\\"font-size: 18px;\\\"><b>7. Kulturelle Aneignung vermeiden<\/b><\/span><\/h1><p style=\\\"padding-left: 40px;\\\"><span style=\\\"font-size: 18px;\\\"><span style=\\\"font-weight: 400;\\\">Respektiert kulturelle Identit\u00e4ten. Tragt keine Symbole, Frisuren oder Kleidungsst\u00fccke, die eine tiefere kulturelle oder spirituelle Bedeutung f\u00fcr marginalisierte Gruppen haben.<\/span><span style=\\\"font-weight: 400;\\\"><br \/><br \/><\/span><\/span><\/p><h1><span style=\\\"font-size: 18px;\\\"><b>8. Awareness-Team und Unterst\u00fctzung<\/b><\/span><\/h1><p style=\\\"padding-left: 40px;\\\"><span style=\\\"font-size: 18px;\\\"><span style=\\\"font-weight: 400;\\\">Unser Awareness-Team (erkennbar an den pinken Westen) steht euch jederzeit zur Seite, wenn ihr Unterst\u00fctzung ben\u00f6tigt oder euch unwohl f\u00fchlt.<\/span><span style=\\\"font-weight: 400;\\\"><br \/><\/span><span style=\\\"font-weight: 400;\\\">Wenn ihr euch bedroht oder bel\u00e4stigt f\u00fchlt, wendet euch an das Team oder das Festival Personal (Bar, Garderobe, Security).<\/span><span style=\\\"font-weight: 400;\\\"><br \/><br \/><\/span><\/span><\/p><h1><span style=\\\"font-size: 18px;\\\"><b>9. Braver Space - Offenheit und Lernbereitschaft<\/b><\/span><\/h1><p style=\\\"padding-left: 40px;\\\"><span style=\\\"font-size: 18px;\\\"><span style=\\\"font-weight: 400;\\\">Wir gestalten diesen Raum gemeinsam. Das bedeutet, dass wir einander respektvoll begegnen und lernen, besser miteinander umzugehen.<\/span><span style=\\\"font-weight: 400;\\\"><br \/><\/span><span style=\\\"font-weight: 400;\\\">Nicht jede*r ist mit diesen Themen vertraut - seid bereit, zu lernen und aufzukl\u00e4ren.<\/span><span style=\\\"font-weight: 400;\\\"><br \/><br \/><\/span><\/span><\/p><h1><span style=\\\"font-size: 18px;\\\"><b>10. Shirts on, please!<\/b><\/span><\/h1><p style=\\\"padding-left: 40px;\\\"><span style=\\\"font-size: 18px;\\\"><span style=\\\"font-weight: 400;\\\">Lasst uns den Dancefloor f\u00fcr alle angenehm und einladend gestalten. Wir bitten euch darum, euer Shirt beim Tanzen anzulassen. Ein freier Oberk\u00f6rper kann dazu f\u00fchren, dass sich andere unwohl f\u00fchlen, und beeintr\u00e4chtigt die sichere Atmosph\u00e4re, die wir gemeinsam schaffen wollen. Danke, dass ihr achtsam seid und helft, das Waves zu einem Ort zu machen, an dem sich alle frei und respektvoll entfalten k\u00f6nnen.<br \/><br \/><\/span><\/span><\/p><h1><span style=\\\"font-size: 18px;\\\"><b>11. Konsequenzen bei Verst\u00f6\u00dfen<\/b><\/span><\/h1><p style=\\\"padding-left: 40px;\\\"><span style=\\\"font-size: 18px;\\\"><span style=\\\"font-weight: 400;\\\">Bei Missachtung dieses Code of Conduct beh\u00e4lt sich das Waves Open Air Team das Recht vor, Personen vom Gel\u00e4nde zu verweisen. Eine R\u00fcckerstattung des Eintrittspreises ist in diesem Fall nicht m\u00f6glich.<\/span><\/span><\/p><p><span style=\\\"font-weight: 400; font-size: 18px;\\\">Lasst uns gemeinsam feiern, respektvoll miteinander umgehen und eine gro\u00dfartige Zeit haben!<\/span><\/p><h3><br style=\\\"font-weight: 400;\\\" \/><br style=\\\"font-weight: 400;\\\" \/><br \/><\/h3>\",\r\n      \"align\": \"top\",\r\n      \"row\": 1,\r\n      \"col\": 4,\r\n      \"colspan\": 4,\r\n      \"offsetx\": 0,\r\n      \"offsety\": 0,\r\n      \"spaceabove\": 0,\r\n      \"spacebelow\": 0,\r\n      \"yvel\": 1,\r\n      \"push\": 4,\r\n      \"relid\": 38,\r\n      \"horizontalIndex\": 0,\r\n      \"absolute_position\": false\r\n    }\r\n  ]\r\n}","phonegrid":"","_links":{"self":[{"href":"https:\/\/waves-openair.de\/waves\/wp-json\/wp\/v2\/pages\/1411","targetHints":{"allow":["GET"]}}],"collection":[{"href":"https:\/\/waves-openair.de\/waves\/wp-json\/wp\/v2\/pages"}],"about":[{"href":"https:\/\/waves-openair.de\/waves\/wp-json\/wp\/v2\/types\/page"}],"author":[{"embeddable":true,"href":"https:\/\/waves-openair.de\/waves\/wp-json\/wp\/v2\/users\/5"}],"replies":[{"embeddable":true,"href":"https:\/\/waves-openair.de\/waves\/wp-json\/wp\/v2\/comments?post=1411"}],"version-history":[{"count":0,"href":"https:\/\/waves-openair.de\/waves\/wp-json\/wp\/v2\/pages\/1411\/revisions"}],"wp:attachment":[{"href":"https:\/\/waves-openair.de\/waves\/wp-json\/wp\/v2\/media?parent=1411"}],"curies":[{"name":"wp","href":"https:\/\/api.w.org\/{rel}","templated":true}]}}