{"id":228,"date":"2023-12-13T22:08:51","date_gmt":"2023-12-13T22:08:51","guid":{"rendered":"https:\/\/wavesopenairredesign.live-website.com\/privacy-policy-copy\/"},"modified":"2026-04-13T05:38:15","modified_gmt":"2026-04-13T05:38:15","slug":"terms-and-conditions","status":"publish","type":"page","link":"https:\/\/waves-openair.de\/waves\/terms-and-conditions\/","title":{"rendered":"TERMS AND CONDITIONS"},"content":{"rendered":"","protected":false},"excerpt":{"rendered":"","protected":false},"author":1,"featured_media":0,"parent":0,"menu_order":19,"comment_status":"closed","ping_status":"closed","template":"","meta":[],"class_list":["post-228","page","type-page","status-publish","hentry"],"yoast_head":"<!-- This site is optimized with the Yoast SEO plugin v23.5 - https:\/\/yoast.com\/wordpress\/plugins\/seo\/ -->\n<title>TERMS AND CONDITIONS &#8212; Waves Open Air Festival 2026<\/title>\n<meta name=\"robots\" content=\"index, follow, max-snippet:-1, max-image-preview:large, max-video-preview:-1\" \/>\n<link rel=\"canonical\" href=\"https:\/\/waves-openair.de\/waves\/terms-and-conditions\/\" \/>\n<meta property=\"og:locale\" content=\"en_US\" \/>\n<meta property=\"og:type\" content=\"article\" \/>\n<meta property=\"og:title\" content=\"TERMS AND CONDITIONS &#8212; Waves Open Air Festival 2026\" \/>\n<meta property=\"og:url\" content=\"https:\/\/waves-openair.de\/waves\/terms-and-conditions\/\" \/>\n<meta property=\"og:site_name\" content=\"Waves Open Air Festival 2026\" \/>\n<meta property=\"article:publisher\" content=\"https:\/\/www.facebook.com\/wavesopenair\/\" \/>\n<meta property=\"article:modified_time\" content=\"2026-04-13T05:38:15+00:00\" \/>\n<meta name=\"twitter:card\" content=\"summary_large_image\" \/>\n<meta name=\"twitter:label1\" content=\"Est. reading time\" \/>\n\t<meta name=\"twitter:data1\" content=\"5 minutes\" \/>\n<script type=\"application\/ld+json\" class=\"yoast-schema-graph\">{\"@context\":\"https:\/\/schema.org\",\"@graph\":[{\"@type\":\"WebPage\",\"@id\":\"https:\/\/waves-openair.de\/waves\/terms-and-conditions\/\",\"url\":\"https:\/\/waves-openair.de\/waves\/terms-and-conditions\/\",\"name\":\"TERMS AND CONDITIONS &#8212; Waves Open Air Festival 2026\",\"isPartOf\":{\"@id\":\"https:\/\/waves-openair.de\/waves\/#website\"},\"datePublished\":\"2023-12-13T22:08:51+00:00\",\"dateModified\":\"2026-04-13T05:38:15+00:00\",\"breadcrumb\":{\"@id\":\"https:\/\/waves-openair.de\/waves\/terms-and-conditions\/#breadcrumb\"},\"inLanguage\":\"en-US\",\"potentialAction\":[{\"@type\":\"ReadAction\",\"target\":[\"https:\/\/waves-openair.de\/waves\/terms-and-conditions\/\"]}]},{\"@type\":\"BreadcrumbList\",\"@id\":\"https:\/\/waves-openair.de\/waves\/terms-and-conditions\/#breadcrumb\",\"itemListElement\":[{\"@type\":\"ListItem\",\"position\":1,\"name\":\"Startseite\",\"item\":\"https:\/\/waves-openair.de\/waves\/\"},{\"@type\":\"ListItem\",\"position\":2,\"name\":\"TERMS AND CONDITIONS\"}]},{\"@type\":\"WebSite\",\"@id\":\"https:\/\/waves-openair.de\/waves\/#website\",\"url\":\"https:\/\/waves-openair.de\/waves\/\",\"name\":\"Waves Open Air Festival 2024\",\"description\":\"Drift off into the waves\",\"publisher\":{\"@id\":\"https:\/\/waves-openair.de\/waves\/#organization\"},\"potentialAction\":[{\"@type\":\"SearchAction\",\"target\":{\"@type\":\"EntryPoint\",\"urlTemplate\":\"https:\/\/waves-openair.de\/waves\/?s={search_term_string}\"},\"query-input\":{\"@type\":\"PropertyValueSpecification\",\"valueRequired\":true,\"valueName\":\"search_term_string\"}}],\"inLanguage\":\"en-US\"},{\"@type\":\"Organization\",\"@id\":\"https:\/\/waves-openair.de\/waves\/#organization\",\"name\":\"Waves Open Air Festival 2024\",\"url\":\"https:\/\/waves-openair.de\/waves\/\",\"logo\":{\"@type\":\"ImageObject\",\"inLanguage\":\"en-US\",\"@id\":\"https:\/\/waves-openair.de\/waves\/#\/schema\/logo\/image\/\",\"url\":\"https:\/\/waves-openair.de\/wp-content\/uploads\/2023\/12\/Element-1.svg\",\"contentUrl\":\"https:\/\/waves-openair.de\/wp-content\/uploads\/2023\/12\/Element-1.svg\",\"width\":418.49,\"height\":139.4,\"caption\":\"Waves Open Air Festival 2024\"},\"image\":{\"@id\":\"https:\/\/waves-openair.de\/waves\/#\/schema\/logo\/image\/\"},\"sameAs\":[\"https:\/\/www.facebook.com\/wavesopenair\/\",\"https:\/\/www.instagram.com\/wavesopenair\/\"]}]}<\/script>\n<!-- \/ Yoast SEO plugin. -->","yoast_head_json":{"title":"TERMS AND CONDITIONS &#8212; Waves Open Air Festival 2026","robots":{"index":"index","follow":"follow","max-snippet":"max-snippet:-1","max-image-preview":"max-image-preview:large","max-video-preview":"max-video-preview:-1"},"canonical":"https:\/\/waves-openair.de\/waves\/terms-and-conditions\/","og_locale":"en_US","og_type":"article","og_title":"TERMS AND CONDITIONS &#8212; Waves Open Air Festival 2026","og_url":"https:\/\/waves-openair.de\/waves\/terms-and-conditions\/","og_site_name":"Waves Open Air Festival 2026","article_publisher":"https:\/\/www.facebook.com\/wavesopenair\/","article_modified_time":"2026-04-13T05:38:15+00:00","twitter_card":"summary_large_image","twitter_misc":{"Est. reading time":"5 minutes"},"schema":{"@context":"https:\/\/schema.org","@graph":[{"@type":"WebPage","@id":"https:\/\/waves-openair.de\/waves\/terms-and-conditions\/","url":"https:\/\/waves-openair.de\/waves\/terms-and-conditions\/","name":"TERMS AND CONDITIONS &#8212; Waves Open Air Festival 2026","isPartOf":{"@id":"https:\/\/waves-openair.de\/waves\/#website"},"datePublished":"2023-12-13T22:08:51+00:00","dateModified":"2026-04-13T05:38:15+00:00","breadcrumb":{"@id":"https:\/\/waves-openair.de\/waves\/terms-and-conditions\/#breadcrumb"},"inLanguage":"en-US","potentialAction":[{"@type":"ReadAction","target":["https:\/\/waves-openair.de\/waves\/terms-and-conditions\/"]}]},{"@type":"BreadcrumbList","@id":"https:\/\/waves-openair.de\/waves\/terms-and-conditions\/#breadcrumb","itemListElement":[{"@type":"ListItem","position":1,"name":"Startseite","item":"https:\/\/waves-openair.de\/waves\/"},{"@type":"ListItem","position":2,"name":"TERMS AND CONDITIONS"}]},{"@type":"WebSite","@id":"https:\/\/waves-openair.de\/waves\/#website","url":"https:\/\/waves-openair.de\/waves\/","name":"Waves Open Air Festival 2024","description":"Drift off into the waves","publisher":{"@id":"https:\/\/waves-openair.de\/waves\/#organization"},"potentialAction":[{"@type":"SearchAction","target":{"@type":"EntryPoint","urlTemplate":"https:\/\/waves-openair.de\/waves\/?s={search_term_string}"},"query-input":{"@type":"PropertyValueSpecification","valueRequired":true,"valueName":"search_term_string"}}],"inLanguage":"en-US"},{"@type":"Organization","@id":"https:\/\/waves-openair.de\/waves\/#organization","name":"Waves Open Air Festival 2024","url":"https:\/\/waves-openair.de\/waves\/","logo":{"@type":"ImageObject","inLanguage":"en-US","@id":"https:\/\/waves-openair.de\/waves\/#\/schema\/logo\/image\/","url":"https:\/\/waves-openair.de\/wp-content\/uploads\/2023\/12\/Element-1.svg","contentUrl":"https:\/\/waves-openair.de\/wp-content\/uploads\/2023\/12\/Element-1.svg","width":418.49,"height":139.4,"caption":"Waves Open Air Festival 2024"},"image":{"@id":"https:\/\/waves-openair.de\/waves\/#\/schema\/logo\/image\/"},"sameAs":["https:\/\/www.facebook.com\/wavesopenair\/","https:\/\/www.instagram.com\/wavesopenair\/"]}]}},"grid":"{\r\n  \"colCount\": 12,\r\n  \"colGutter\": 1,\r\n  \"rowGutters\": [],\r\n  \"frameMargin\": 5,\r\n  \"leftFrameMargin\": 2,\r\n  \"rightFrameMargin\": 2,\r\n  \"topFrameMargin\": 250,\r\n  \"mus\": {\r\n    \"colGutterMu\": \"%\",\r\n    \"rowGutterMu\": \"%\",\r\n    \"topFrameMu\": \"px\",\r\n    \"bottomFrameMu\": \"%\",\r\n    \"frameMu\": \"%\"\r\n  },\r\n  \"bottomFrameMargin\": 2,\r\n  \"rowAttrs\": [\r\n    {\r\n      \"relid\": 1\r\n    }\r\n  ],\r\n  \"bgColor\": \"#efefef\",\r\n  \"bgImage\": null,\r\n  \"cont\": [\r\n    {\r\n      \"type\": \"text\",\r\n      \"cont\": \"<h1><span style=\\\"font-size: 50px; font-family: PPNeueMontreal-Bold;\\\">TERMS AND CONDITIONS<\/span><\/h1><p><span style=\\\"font-family: PPNeueMontreal-Bold;\\\">Stand: 8. April 2025<\/span><\/p><p><span style=\\\"font-family: PPNeueMontreal-Medium;\\\">Die folgenden Allgemeinen Gesch\u00e4ftsbedingungen gelten f\u00fcr die Nutzung des Internetangebots der Construct Event GmbH, und f\u00fcr alle daraus resultierenden vertraglichen Beziehungen mit Nutzern und Kunden.<\/span><\/p><p>\u00a0<\/p><p><span style=\\\"font-family: PPNeueMontreal-Medium; letter-spacing: 0em; text-indent: 0em;\\\"><strong>Vertragspartner<\/strong> ist die<\/span><\/p><p style=\\\"line-height: 1;\\\"><span style=\\\"font-family: PPNeueMontreal-Bold; font-size: 18px;\\\">Construct Event GmbH<br \/><\/span><span style=\\\"font-family: PPNeueMontreal-Bold; font-size: 18px;\\\"><span>Vorm Dorfe 2<br \/>30900 Wedemark<br \/><\/span><\/span><\/p><p>\u00a0<\/p><p><span style=\\\"font-family: PPNeueMontreal-Medium;\\\"><span style=\\\"font-family: PPNeueMontreal-Bold;\\\">Vertragsabschluss<\/span> <\/span><\/p><p><span style=\\\"font-family: PPNeueMontreal-Medium;\\\">Das Angebot f\u00fcr einen Vertragsabschluss geht vom Kunden aus. Eine Zustimmung zur Online Bestellung erfolgt, indem der Besteller alle relevanten Daten in das Bestellformular eingetragen hat und durch absenden \u00fcbermittelt. (Via Vorverkaufsstellen: Paylogic (See Tickets) oder sonstige VVK-Stellen. Erst mit \u00dcbermittlung einer Best\u00e4tigung der Bestellung und Rechnung durch die VVK-Stelle kommt ein endg\u00fcltiger Vertrag mit dem Kunden zustande. Der Besteller muss in jedem Fall vollj\u00e4hrig sein und selbst\u00e4ndig Gesch\u00e4fte ausf\u00fchren k\u00f6nnen. Eine R\u00fcckgaberecht von Onlinetickets ist grunds\u00e4tzlich ausgeschlossen. Bei regul\u00e4ren Hardtickets, die in Ticketstores erworben werden, gelten die AGB \u0301s der Construct Event GmbH beim Kauf als akzeptiert (siehe Hinweis auf den Tickets). <\/span><\/p><p>\u00a0<\/p><p><span style=\\\"font-family: PPNeueMontreal-Bold;\\\">Preise<\/span><\/p><p><span style=\\\"font-family: PPNeueMontreal-Medium;\\\"> Alle Preise sind \u2014 wenn nicht ausdr\u00fccklic<\/span><span style=\\\"font-family: PPNeueMontreal-Medium;\\\">h angegeben \u2013 Bruttost\u00fcckpreise in Euro und verstehen sich inkl. der gesetzlichen MwSt. in H\u00f6he von 7% bzw. 19%. <\/span><\/p><p>\u00a0<\/p><p><span style=\\\"font-family: PPNeueMontreal-Bold;\\\">Lieferung <\/span><\/p><p><span style=\\\"font-family: PPNeueMontreal-Medium;\\\">Die Lieferung der bestellten Ware erfolgt, solange der Vorrat reicht, bzw. bis zu einem festgesetzten Versandtermin, der eine p\u00fcnktliche Lieferung garantiert. Die Lieferung der bestellten Waren erfolgt auf Kosten und Risiko des Bestellers. Die gelieferte Ware bleibt bis zur \u00dcbergabe und der damit verbundenen Einl\u00f6sung Eigentum der Construct Event GmbH. Dies gilt f\u00fcr s\u00e4mtliche verf\u00fcgbare Zahlungsarten. Transportsch\u00e4den und sichtbare M\u00e4ngel bzw. Mengendifferenzen sind umgehend, jedoch sp\u00e4testens innerhalb von 3 Werktagen nach \u00dcbergabe der Ware am Bestimmungsort, telefonisch, schriftlich oder per Email info@waves- openair.de anzuzeigen. Andernfalls sind M\u00e4ngelr\u00fcgen ausgeschlossen. Bei offensichtlichen Besch\u00e4digungen sollte man sich diese sofort bei der \u00dcbergabe durch den Paketdienst best\u00e4tigen lassen.<\/span><\/p><p>\u00a0<\/p><p><span style=\\\"font-family: PPNeueMontreal-Bold;\\\">Widerrufs- und R\u00fcckgaberecht<\/span><\/p><p><span style=\\\"font-family: PPNeueMontreal-Medium;\\\">Gem\u00e4\u00df gesetzlichem Widerrufrechts ist ein Vertragsr\u00fccktritt innerhalb von 14 Tagen nach Erhalt der Waren, auch ohne Angabe von Gr\u00fcnden m\u00f6glich. Dies gilt ausdr\u00fccklich NICHT bei Eintrittskarten f\u00fcr Konzerte oder Veranstaltungen der Construct Event GmbH (Online oder Hardtickets). Der Widerruf von Artikeln aus dem Print-On-Demand Merchandise-Shop ist ebenfalls nicht m\u00f6glich, da es sich um kundenspezifisch gefertigte Ware handelt, sind Widerruf oder Umtausch und R\u00fcckgabe grunds\u00e4tzlich nicht m\u00f6glich (das gilt nat\u00fcrlich nicht bei berechtigten Reklamationen). Im Falle einer R\u00fccksendung ist der Besteller verpflichtet, die entstehenden Kosten zu \u00fcbernehmen, wenn die gelieferte Ware der bestellten Ware entspricht. Sollten Artikel beim Besteller schuldhaft besch\u00e4digt worden sein, ist dieser zum Ersatz der Wertminderung verpflichtet.<\/span><\/p><p>\u00a0<\/p><p><span style=\\\"font-family: PPNeueMontreal-Bold;\\\">Zahlungsmodalit\u00e4ten<\/span><\/p><p><span style=\\\"font-family: PPNeueMontreal-Medium;\\\">Der Kunde kann im Rahmen und vor Abschluss des Bestellvorgangs aus den zur Verf\u00fcgung stehenden Zahlungsarten w\u00e4hlen. Kunden werden \u00fcber die zur Verf\u00fcgung stehenden Zahlungsmittel auf einer gesonderten Informationsseite unterrichtet. Bei allen Zahlweisen hat die Zahlung im Voraus ohne Abzug zu erfolgen. Werden Drittanbieter mit der Zahlungsabwicklung beauftragt, z.B. Paypal gelten deren Allgemeine Gesch\u00e4ftsbedingungen (AGB). Ist die F\u00e4lligkeit der Zahlung nach dem Kalender bestimmt, so kommt der Kunde bereits durch Vers\u00e4umung des Termins in Verzug. In diesem Fall hat der Kunde die gesetzlichen Verzugszinsen zu zahlen. Die Verpflichtung des Kunden zur Zahlung von Verzugszinsen schlie\u00dft die Geltendmachung weiterer Verzugssch\u00e4den durch den Verk\u00e4ufer nicht aus. Ein Recht zur Aufrechnung steht dem Kunden nur zu, wenn seine Gegenanspr\u00fcche rechtskr\u00e4ftig festgestellt oder von dem Verk\u00e4ufer anerkannt sind. Der Kunde kann ein Zur\u00fcckbehaltungsrecht nur aus\u00fcben, soweit die Anspr\u00fcche aus dem gleichen Vertragsverh\u00e4ltnis resultieren. <\/span><\/p><p>\u00a0<\/p><p><span style=\\\"font-family: PPNeueMontreal-Bold;\\\">Eigentumsvorbehalt<\/span><\/p><p><span style=\\\"font-family: PPNeueMontreal-Medium;\\\"> Alle Lieferungen erfolgen ausschlie\u00dflich unter Eigentumsvorbehalt. Das Eigentum der Ware geht erst dann an den Besteller \u00fcber, wenn dieser s\u00e4mtliche, sich aus dem Vertrag ergebende Leistungen erf\u00fcllt hat. <\/span><\/p><p>\u00a0<\/p><p><span style=\\\"font-family: PPNeueMontreal-Bold;\\\">Wiedereinlass<\/span><\/p><p><span style=\\\"font-family: PPNeueMontreal-Medium;\\\"> Der Zutritt zum Festivalgel\u00e4nde ist nur mit einem g\u00fcltigen Ticket m\u00f6glich. Die erworbene Eintrittskarte berechtigt zum einmaligen Einlass auf das Veranstaltungsgel\u00e4nde und nur f\u00fcr eine Person. Ein Wiedereinlass nach Verlassen des Veranstaltungsgel\u00e4ndes ist nicht m\u00f6glich. <\/span><\/p><p>\u00a0<\/p><p><span style=\\\"font-family: PPNeueMontreal-Bold;\\\">Datenschutz und Datenverarbeitung<\/span><\/p><p><span style=\\\"font-family: PPNeueMontreal-Medium;\\\"> Die Daten, die f\u00fcr die Bestellung notwendig sind, werden intern erfasst und mit \u00e4u\u00dferster Vertraulichkeit behandelt. Die Daten aller Art werden nicht an Dritte weitergegeben. Solange der Kunde nicht widerspricht, ist die Construct Event GmbH dar\u00fcber hinaus berechtigt, die erhaltenen Daten zur Beratung des Kunden, zur Werbung, zur Marktforschung f\u00fcr eigene Zwecke und zur bedarfsgerechten Gestaltung ihrer Angebote zu erheben, zu verarbeiten und zu nutzen. Diese Einwilligung kann von Ihnen jederzeit ohne Angabe von Gr\u00fcnden widerrufen werden. <\/span><\/p><p>\u00a0<\/p><p><span style=\\\"font-family: PPNeueMontreal-Bold;\\\">Hausordnung<\/span><\/p><p><span style=\\\"font-family: PPNeueMontreal-Medium;\\\"> Der Besteller bzw. Kunde akzeptiert bei Betreten des Gel\u00e4ndes die Hausordnung vor Ort. Bei Zuwiderhandlung kann ein Platzverbot verh\u00e4ngt werden ohne M\u00f6glichkeit einer R\u00fcckerstattung des Ticketpreises. <\/span><\/p><p>\u00a0<\/p><p><span style=\\\"font-family: PPNeueMontreal-Medium;\\\"><span style=\\\"font-family: PPNeueMontreal-Bold;\\\">Recht am eigenen Bild<\/span> <\/span><\/p><p><span style=\\\"font-family: PPNeueMontreal-Medium;\\\">Der Veranstalter und durch ihn beauftragte Dritte sind berechtigt, im Rahmen der Veranstaltungen Bild-, Ton- und Bildtonaufnahmen der Besucher ohne Verg\u00fctung f\u00fcr die abgebildeten Personen herzustellen und in jeder Art und Weise umfassend in allen bekannten und zuk\u00fcnftigen Medien zu nutzen oder nutzen zu lassen, insbesondere zur Berichterstattung in allen Medien eingeschlossen Internet, auf Ton- oder Bildtontr\u00e4gern sowie zur Bewerbung des Waves Open Air Festivals, zur Sponsorenakquise und zu allen sonstigen Gesch\u00e4ftst\u00e4tigkeiten des Veranstalters und seiner verbundenen Unternehmen. S\u00e4mtliche Rechte d\u00fcrfen auch zu vorstehenden Zwecken auf Dritte \u00fcbertragen werden. <\/span><\/p><p>\u00a0<\/p><p><span style=\\\"font-family: PPNeueMontreal-Bold;\\\">Jugendschutz<\/span><\/p><p><span style=\\\"font-family: PPNeueMontreal-Medium;\\\"> F\u00fcr jede Veranstaltung gelten die allgemeinen Bestimmungen des Gesetzes zum Schutz der Jugend in der \u00d6ffentlichkeit. Das Waves Open Air Festival ist ausschlie\u00dflich ab 18 Jahren.<\/span><\/p><p>\u00a0<\/p><p><span style=\\\"font-family: PPNeueMontreal-Bold;\\\">R\u00fcckerstattung von Token (Wertmarken)<\/span><\/p><p>Token (Wertmarken) k\u00f6nnen nur w\u00e4hrend der offiziellen \u00d6ffnungszeiten der Tokenst\u00e4nde auf dem Festivalgel\u00e4nde zur\u00fcckgetauscht werden. Diese sind t\u00e4glich von 12:00 bis 22:30 Uhr ge\u00f6ffnet. Eine R\u00fcckerstattung nach dem Festival ist nicht m\u00f6glich. Um Missbrauch und kriminelle Aktivit\u00e4ten zu vermeiden, k\u00f6nnen pro Person maximal Token im Wert von \u20ac40,00 (h\u00f6chstens 10 Token) zur\u00fcckerstattet werden. Die Verantwortung f\u00fcr alle Vorg\u00e4nge rund um das Zahlungsmittel Token liegt ausschlie\u00dflich beim Veranstalter.<\/p><p>\u00a0<\/p><p><span style=\\\"font-family: PPNeueMontreal-Medium;\\\"><span style=\\\"font-family: PPNeueMontreal-Bold;\\\"> Schlu\u00dfbestimmungen<\/span> <\/span><\/p><p><span style=\\\"font-family: PPNeueMontreal-Medium;\\\">Sollten Teile dieser Gesch\u00e4ftsbedingungen unwirksam sein, so wird die Wirksamkeit des Vertrages oder der restlichen Gesch\u00e4ftsbedingungen nicht ber\u00fchrt. Es gilt ausschlie\u00dflich das Recht der Bundesrepublik Deutschland. Gerichtsstand ist ausschlie\u00dflich der Sitz der Construct Event GmbH, sofern der Kunde Vollkaufmann oder eine juristische Person des \u00f6ffentlichen Rechts ist. Es gilt ausschlie\u00dflich das Recht der Bundesrepublik Deutschland.<\/span><\/p>\",\r\n      \"align\": \"top\",\r\n      \"row\": 0,\r\n      \"col\": 0,\r\n      \"colspan\": 6,\r\n      \"offsetx\": 0,\r\n      \"offsety\": 0,\r\n      \"spaceabove\": 4,\r\n      \"spacebelow\": 0,\r\n      \"yvel\": 1,\r\n      \"push\": 0,\r\n      \"relid\": 2,\r\n      \"absolute_position\": false\r\n    }\r\n  ]\r\n}","phonegrid":"","_links":{"self":[{"href":"https:\/\/waves-openair.de\/waves\/wp-json\/wp\/v2\/pages\/228","targetHints":{"allow":["GET"]}}],"collection":[{"href":"https:\/\/waves-openair.de\/waves\/wp-json\/wp\/v2\/pages"}],"about":[{"href":"https:\/\/waves-openair.de\/waves\/wp-json\/wp\/v2\/types\/page"}],"author":[{"embeddable":true,"href":"https:\/\/waves-openair.de\/waves\/wp-json\/wp\/v2\/users\/1"}],"replies":[{"embeddable":true,"href":"https:\/\/waves-openair.de\/waves\/wp-json\/wp\/v2\/comments?post=228"}],"version-history":[{"count":0,"href":"https:\/\/waves-openair.de\/waves\/wp-json\/wp\/v2\/pages\/228\/revisions"}],"wp:attachment":[{"href":"https:\/\/waves-openair.de\/waves\/wp-json\/wp\/v2\/media?parent=228"}],"curies":[{"name":"wp","href":"https:\/\/api.w.org\/{rel}","templated":true}]}}